{"id":4082,"date":"2024-03-04T15:25:49","date_gmt":"2024-03-04T21:25:49","guid":{"rendered":"https:\/\/grupo201oficial.com.mx\/?page_id=4082"},"modified":"2024-03-20T16:35:39","modified_gmt":"2024-03-20T22:35:39","slug":"topes-de-carroceria","status":"publish","type":"page","link":"https:\/\/www.grupo201oficial.com.mx\/en\/topes-de-carroceria\/","title":{"rendered":"RUBBER BUMPERS","raw":"RUBBER BUMPERS"},"content":{"rendered":"\n<div class=\"wp-block-cover alignfull\"><span aria-hidden=\"true\" class=\"wp-block-cover__background has-background-dim\"><\/span><img loading=\"lazy\" decoding=\"async\" width=\"1024\" height=\"576\" class=\"wp-block-cover__image-background wp-image-738\" alt=\"\" src=\"http:\/\/grupo201oficial.com.mx\/wp-content\/uploads\/2023\/03\/camion2-1024x576.jpg\" data-object-fit=\"cover\" srcset=\"https:\/\/www.grupo201oficial.com.mx\/wp-content\/uploads\/2023\/03\/camion2-1024x576.jpg 1024w, https:\/\/www.grupo201oficial.com.mx\/wp-content\/uploads\/2023\/03\/camion2-300x169.jpg 300w, https:\/\/www.grupo201oficial.com.mx\/wp-content\/uploads\/2023\/03\/camion2-768x432.jpg 768w, https:\/\/www.grupo201oficial.com.mx\/wp-content\/uploads\/2023\/03\/camion2.jpg 1403w\" sizes=\"auto, (max-width: 1024px) 100vw, 1024px\" \/><div class=\"wp-block-cover__inner-container is-layout-flow wp-block-cover-is-layout-flow\"><div class=\"wp-block-image\">\n<figure class=\"aligncenter size-full is-resized\"><img loading=\"lazy\" decoding=\"async\" width=\"600\" height=\"600\" src=\"https:\/\/grupo201oficial.com.mx\/wp-content\/uploads\/2023\/12\/x-trucks.png\" alt=\"\" class=\"wp-image-3350\" style=\"width:408px;height:auto\" srcset=\"https:\/\/www.grupo201oficial.com.mx\/wp-content\/uploads\/2023\/12\/x-trucks.png 600w, https:\/\/www.grupo201oficial.com.mx\/wp-content\/uploads\/2023\/12\/x-trucks-300x300.png 300w, https:\/\/www.grupo201oficial.com.mx\/wp-content\/uploads\/2023\/12\/x-trucks-150x150.png 150w\" sizes=\"auto, (max-width: 600px) 100vw, 600px\" \/><\/figure>\n<\/div><\/div><\/div>\n\n\n\n<div style=\"height:100px\" aria-hidden=\"true\" class=\"wp-block-spacer\"><\/div>\n\n\n\n<h2 class=\"wp-block-heading\">X-TRUCKS BUILT FOR SAFETY<\/h2>\n\n\n\n<div style=\"height:50px\" aria-hidden=\"true\" class=\"wp-block-spacer\"><\/div>\n\n\n\n<div class=\"wp-block-columns is-layout-flex wp-container-core-columns-is-layout-9d6595d7 wp-block-columns-is-layout-flex\">\n<div class=\"wp-block-column is-layout-flow wp-block-column-is-layout-flow\" style=\"flex-basis:60%\">\n<p>X-TRUCKS&nbsp;is a company part&nbsp;of&nbsp;Grupo 201 Oficial, specialized in high resistance and quality bumpers, focused in durability and with the best mechanical properties.<\/p>\n\n\n\n<p>Grupo 201 Oficial&nbsp;was born in 1945 in Mexico City, specializing in the manufacture of rubber products, specially fronton balls and later on in other balls for other racket and hand sports, being the official ball of fronton in Olympic, Panamerican and Centralamerican Games, as well as National and World Championships.<\/p>\n\n\n\n<p>This was only possible thanks to the constant research and development in the rubber manufacturing, which allows us to set physical charasteristics, resistance, bounce and many other essential factors in order to be the official ball in these kind of events, for the proper performance of the sports.<\/p>\n\n\n\n<p>All of the above has allowed that the group acquires the right experience in the formulation of rubber products focused in high resistance jobs and complying with high standards in their physical and mechanical properties, favouring us in the design&nbsp;and manufacture of high impact products for cargo vehicles under the&nbsp;X-TRUCKS.<\/p>\n<\/div>\n\n\n\n<div class=\"wp-block-column is-layout-flow wp-block-column-is-layout-flow\" style=\"flex-basis:40%\">\n<figure class=\"wp-block-image size-full\"><img loading=\"lazy\" decoding=\"async\" width=\"2150\" height=\"1590\" src=\"http:\/\/grupo201oficial.com.mx\/wp-content\/uploads\/2023\/03\/xtrucks-bg.jpg\" alt=\"\" class=\"wp-image-409\" srcset=\"https:\/\/www.grupo201oficial.com.mx\/wp-content\/uploads\/2023\/03\/xtrucks-bg.jpg 2150w, https:\/\/www.grupo201oficial.com.mx\/wp-content\/uploads\/2023\/03\/xtrucks-bg-300x222.jpg 300w, https:\/\/www.grupo201oficial.com.mx\/wp-content\/uploads\/2023\/03\/xtrucks-bg-1024x757.jpg 1024w, https:\/\/www.grupo201oficial.com.mx\/wp-content\/uploads\/2023\/03\/xtrucks-bg-768x568.jpg 768w, https:\/\/www.grupo201oficial.com.mx\/wp-content\/uploads\/2023\/03\/xtrucks-bg-1536x1136.jpg 1536w, https:\/\/www.grupo201oficial.com.mx\/wp-content\/uploads\/2023\/03\/xtrucks-bg-2048x1515.jpg 2048w\" sizes=\"auto, (max-width: 2150px) 100vw, 2150px\" \/><\/figure>\n<\/div>\n<\/div>\n\n\n\n<div class=\"wp-block-cover alignfull has-parallax\"><span aria-hidden=\"true\" class=\"wp-block-cover__background has-background-dim-0 has-background-dim\"><\/span><div role=\"img\" class=\"wp-block-cover__image-background wp-image-413 has-parallax\" style=\"background-position:50% 50%;background-image:url(http:\/\/grupo201oficial.com.mx\/wp-content\/uploads\/2023\/03\/X-TRUCKS-gomas.png)\"><\/div><div class=\"wp-block-cover__inner-container is-layout-constrained wp-block-cover-is-layout-constrained\">\n<h2 class=\"wp-block-heading has-text-align-center has-large-font-size\">Catalogue<\/h2>\n<\/div><\/div>\n\n\n\n<div style=\"height:100px\" aria-hidden=\"true\" class=\"wp-block-spacer\"><\/div>\n\n\n\n<div class=\"wp-block-query is-layout-flow wp-block-query-is-layout-flow\"><\/div>\n\n\n\n<div style=\"height:50px\" aria-hidden=\"true\" class=\"wp-block-spacer\"><\/div>\n\n\n\n<p><\/p>\n","protected":false,"raw":"<!-- wp:cover {\"url\":\"http:\/\/grupo201oficial.com.mx\/wp-content\/uploads\/2023\/03\/camion2-1024x576.jpg\",\"id\":738,\"dimRatio\":50,\"align\":\"full\",\"style\":{\"color\":{}}} -->\n<div class=\"wp-block-cover alignfull\"><span aria-hidden=\"true\" class=\"wp-block-cover__background has-background-dim\"><\/span><img class=\"wp-block-cover__image-background wp-image-738\" alt=\"\" src=\"http:\/\/grupo201oficial.com.mx\/wp-content\/uploads\/2023\/03\/camion2-1024x576.jpg\" data-object-fit=\"cover\"\/><div class=\"wp-block-cover__inner-container\"><!-- wp:image {\"align\":\"center\",\"id\":3350,\"width\":\"408px\",\"height\":\"auto\",\"sizeSlug\":\"full\",\"linkDestination\":\"none\"} -->\n<figure class=\"wp-block-image aligncenter size-full is-resized\"><img src=\"https:\/\/grupo201oficial.com.mx\/wp-content\/uploads\/2023\/12\/x-trucks.png\" alt=\"\" class=\"wp-image-3350\" style=\"width:408px;height:auto\"\/><\/figure>\n<!-- \/wp:image --><\/div><\/div>\n<!-- \/wp:cover -->\n\n<!-- wp:spacer -->\n<div style=\"height:100px\" aria-hidden=\"true\" class=\"wp-block-spacer\"><\/div>\n<!-- \/wp:spacer -->\n\n<!-- wp:heading -->\n<h2 class=\"wp-block-heading\">X-TRUCKS BUILT FOR SAFETY<\/h2>\n<!-- \/wp:heading -->\n\n<!-- wp:spacer {\"height\":\"50px\"} -->\n<div style=\"height:50px\" aria-hidden=\"true\" class=\"wp-block-spacer\"><\/div>\n<!-- \/wp:spacer -->\n\n<!-- wp:columns -->\n<div class=\"wp-block-columns\"><!-- wp:column {\"width\":\"60%\"} -->\n<div class=\"wp-block-column\" style=\"flex-basis:60%\"><!-- wp:paragraph -->\n<p>X-TRUCKS&nbsp;is a company part&nbsp;of&nbsp;Grupo 201 Oficial, specialized in high resistance and quality bumpers, focused in durability and with the best mechanical properties.<\/p>\n<!-- \/wp:paragraph -->\n\n<!-- wp:paragraph -->\n<p>Grupo 201 Oficial&nbsp;was born in 1945 in Mexico City, specializing in the manufacture of rubber products, specially fronton balls and later on in other balls for other racket and hand sports, being the official ball of fronton in Olympic, Panamerican and Centralamerican Games, as well as National and World Championships.<\/p>\n<!-- \/wp:paragraph -->\n\n<!-- wp:paragraph -->\n<p>This was only possible thanks to the constant research and development in the rubber manufacturing, which allows us to set physical charasteristics, resistance, bounce and many other essential factors in order to be the official ball in these kind of events, for the proper performance of the sports.<\/p>\n<!-- \/wp:paragraph -->\n\n<!-- wp:paragraph -->\n<p>All of the above has allowed that the group acquires the right experience in the formulation of rubber products focused in high resistance jobs and complying with high standards in their physical and mechanical properties, favouring us in the design&nbsp;and manufacture of high impact products for cargo vehicles under the&nbsp;X-TRUCKS.<\/p>\n<!-- \/wp:paragraph --><\/div>\n<!-- \/wp:column -->\n\n<!-- wp:column {\"width\":\"40%\"} -->\n<div class=\"wp-block-column\" style=\"flex-basis:40%\"><!-- wp:image {\"id\":409,\"sizeSlug\":\"full\",\"linkDestination\":\"none\"} -->\n<figure class=\"wp-block-image size-full\"><img src=\"http:\/\/grupo201oficial.com.mx\/wp-content\/uploads\/2023\/03\/xtrucks-bg.jpg\" alt=\"\" class=\"wp-image-409\"\/><\/figure>\n<!-- \/wp:image --><\/div>\n<!-- \/wp:column --><\/div>\n<!-- \/wp:columns -->\n\n<!-- wp:cover {\"url\":\"http:\/\/grupo201oficial.com.mx\/wp-content\/uploads\/2023\/03\/X-TRUCKS-gomas.png\",\"id\":413,\"hasParallax\":true,\"dimRatio\":0,\"align\":\"full\",\"layout\":{\"type\":\"constrained\"}} -->\n<div class=\"wp-block-cover alignfull has-parallax\"><span aria-hidden=\"true\" class=\"wp-block-cover__background has-background-dim-0 has-background-dim\"><\/span><div role=\"img\" class=\"wp-block-cover__image-background wp-image-413 has-parallax\" style=\"background-position:50% 50%;background-image:url(http:\/\/grupo201oficial.com.mx\/wp-content\/uploads\/2023\/03\/X-TRUCKS-gomas.png)\"><\/div><div class=\"wp-block-cover__inner-container\"><!-- wp:heading {\"textAlign\":\"center\",\"fontSize\":\"large\"} -->\n<h2 class=\"wp-block-heading has-text-align-center has-large-font-size\">Catalogue<\/h2>\n<!-- \/wp:heading --><\/div><\/div>\n<!-- \/wp:cover -->\n\n<!-- wp:spacer -->\n<div style=\"height:100px\" aria-hidden=\"true\" class=\"wp-block-spacer\"><\/div>\n<!-- \/wp:spacer -->\n\n<!-- wp:query {\"queryId\":6,\"query\":{\"perPage\":\"20\",\"pages\":0,\"offset\":\"0\",\"postType\":\"post\",\"order\":\"desc\",\"orderBy\":\"date\",\"author\":\"\",\"search\":\"\",\"exclude\":[],\"sticky\":\"\",\"inherit\":false,\"taxQuery\":{\"category\":[79]}}} -->\n<div class=\"wp-block-query\"><!-- wp:post-template {\"layout\":{\"type\":\"grid\",\"columnCount\":4}} -->\n<!-- wp:post-title {\"isLink\":true,\"style\":{\"elements\":{\"link\":{\"color\":{\"text\":\"var:preset|color|dark\"}}},\"typography\":{\"fontStyle\":\"normal\",\"fontWeight\":\"400\",\"textTransform\":\"capitalize\"},\"spacing\":{\"padding\":{\"top\":\"0\",\"bottom\":\"0\",\"left\":\"0\",\"right\":\"0\"}}},\"fontSize\":\"small\"} \/-->\n\n<!-- wp:post-featured-image {\"isLink\":true,\"aspectRatio\":\"1\",\"scale\":\"contain\"} \/-->\n<!-- \/wp:post-template --><\/div>\n<!-- \/wp:query -->\n\n<!-- wp:spacer {\"height\":\"50px\"} -->\n<div style=\"height:50px\" aria-hidden=\"true\" class=\"wp-block-spacer\"><\/div>\n<!-- \/wp:spacer -->\n\n<!-- wp:paragraph -->\n<p><\/p>\n<!-- \/wp:paragraph -->"},"excerpt":{"rendered":"","protected":false,"raw":""},"author":2,"featured_media":0,"parent":0,"menu_order":0,"comment_status":"closed","ping_status":"closed","template":"singular-no-header.php","meta":{"_es_post_content":"<!-- wp:cover {\"url\":\"http:\/\/grupo201oficial.com.mx\/wp-content\/uploads\/2023\/03\/camion2-1024x576.jpg\",\"id\":738,\"dimRatio\":50,\"align\":\"full\",\"style\":{\"color\":{}}} -->\n<div class=\"wp-block-cover alignfull\"><span aria-hidden=\"true\" class=\"wp-block-cover__background has-background-dim\"><\/span><img class=\"wp-block-cover__image-background wp-image-738\" alt=\"\" src=\"http:\/\/grupo201oficial.com.mx\/wp-content\/uploads\/2023\/03\/camion2-1024x576.jpg\" data-object-fit=\"cover\"\/><div class=\"wp-block-cover__inner-container\"><!-- wp:image {\"align\":\"center\",\"id\":3350,\"width\":\"408px\",\"height\":\"auto\",\"sizeSlug\":\"full\",\"linkDestination\":\"none\"} -->\n<figure class=\"wp-block-image aligncenter size-full is-resized\"><img src=\"https:\/\/grupo201oficial.com.mx\/wp-content\/uploads\/2023\/12\/x-trucks.png\" alt=\"\" class=\"wp-image-3350\" style=\"width:408px;height:auto\"\/><\/figure>\n<!-- \/wp:image --><\/div><\/div>\n<!-- \/wp:cover -->\n\n<!-- wp:spacer -->\n<div style=\"height:100px\" aria-hidden=\"true\" class=\"wp-block-spacer\"><\/div>\n<!-- \/wp:spacer -->\n\n<!-- wp:heading -->\n<h2 class=\"wp-block-heading\">creados para dar seguridad<\/h2>\n<!-- \/wp:heading -->\n\n<!-- wp:spacer {\"height\":\"50px\"} -->\n<div style=\"height:50px\" aria-hidden=\"true\" class=\"wp-block-spacer\"><\/div>\n<!-- \/wp:spacer -->\n\n<!-- wp:columns -->\n<div class=\"wp-block-columns\"><!-- wp:column {\"width\":\"60%\"} -->\n<div class=\"wp-block-column\" style=\"flex-basis:60%\"><!-- wp:paragraph -->\n<p>X-TRUCKS es una empresa de Grupo 201 Oficial especializada en seguridad para veh\u00edculos y carrocer\u00edas, con productos de gran resistencia enfocados en durabilidad y las mejores propiedades mec\u00e1nicas.<\/p>\n<!-- \/wp:paragraph -->\n\n<!-- wp:paragraph -->\n<p>Grupo 201 Oficial nace de la formaci\u00f3n de una sociedad que se funda en 1945 en la Ciudad de M\u00e9xico, especializ\u00e1ndose en la fabricaci\u00f3n de productos a partir del hule, especialmente pelotas para front\u00f3n y posteriormente en pelotas para distintas disciplinas deportivas tanto de raqueta como de mano, siendo la pelota oficial de front\u00f3n en juegos Ol\u00edmpicos, Panamericanos, Mundiales, Centroamericanos y Nacionales.<\/p>\n<!-- \/wp:paragraph -->\n\n<!-- wp:paragraph -->\n<p>Lograr lo anterior solo ha sido posible gracias a la constante investigaci\u00f3n y desarrollo en la manufactura de hule, la cual nos permite desarrollar caracter\u00edsticas f\u00edsicas, de rebote, resistencia, dureza y otros factores esenciales para tener la oficialidad en este tipo de eventos, para el adecuado desempe\u00f1o de las disciplinas deportivas.<\/p>\n<!-- \/wp:paragraph -->\n\n<!-- wp:paragraph -->\n<p>Lo anterior ha permitido que el grupo adquiera experiencia en la adecuada formulaci\u00f3n de productos de hule enfocados a trabajos de alta resistencia y cumpliendo con altos est\u00e1ndares tanto en sus propiedades f\u00edsicas como mec\u00e1nicas que nos han favorecido para el dise\u00f1o y fabricaci\u00f3n de productos de alto impacto para veh\u00edculos de carga bajo el sello X-TRUCKS.<\/p>\n<!-- \/wp:paragraph --><\/div>\n<!-- \/wp:column -->\n\n<!-- wp:column {\"width\":\"40%\"} -->\n<div class=\"wp-block-column\" style=\"flex-basis:40%\"><!-- wp:image {\"id\":409,\"sizeSlug\":\"full\",\"linkDestination\":\"none\"} -->\n<figure class=\"wp-block-image size-full\"><img src=\"http:\/\/grupo201oficial.com.mx\/wp-content\/uploads\/2023\/03\/xtrucks-bg.jpg\" alt=\"\" class=\"wp-image-409\"\/><\/figure>\n<!-- \/wp:image --><\/div>\n<!-- \/wp:column --><\/div>\n<!-- \/wp:columns -->\n\n<!-- wp:cover {\"url\":\"http:\/\/grupo201oficial.com.mx\/wp-content\/uploads\/2023\/03\/X-TRUCKS-gomas.png\",\"id\":413,\"hasParallax\":true,\"dimRatio\":0,\"align\":\"full\",\"layout\":{\"type\":\"constrained\"}} -->\n<div class=\"wp-block-cover alignfull has-parallax\"><span aria-hidden=\"true\" class=\"wp-block-cover__background has-background-dim-0 has-background-dim\"><\/span><div role=\"img\" class=\"wp-block-cover__image-background wp-image-413 has-parallax\" style=\"background-position:50% 50%;background-image:url(http:\/\/grupo201oficial.com.mx\/wp-content\/uploads\/2023\/03\/X-TRUCKS-gomas.png)\"><\/div><div class=\"wp-block-cover__inner-container\"><!-- wp:heading {\"textAlign\":\"center\",\"fontSize\":\"large\"} -->\n<h2 class=\"wp-block-heading has-text-align-center has-large-font-size\">Cat\u00e1logo<\/h2>\n<!-- \/wp:heading --><\/div><\/div>\n<!-- \/wp:cover -->\n\n<!-- wp:spacer -->\n<div style=\"height:100px\" aria-hidden=\"true\" class=\"wp-block-spacer\"><\/div>\n<!-- \/wp:spacer -->\n\n<!-- wp:query {\"queryId\":6,\"query\":{\"perPage\":\"20\",\"pages\":0,\"offset\":\"0\",\"postType\":\"post\",\"order\":\"desc\",\"orderBy\":\"date\",\"author\":\"\",\"search\":\"\",\"exclude\":[],\"sticky\":\"\",\"inherit\":false,\"taxQuery\":{\"category\":[79]}}} -->\n<div class=\"wp-block-query\"><!-- wp:post-template {\"layout\":{\"type\":\"grid\",\"columnCount\":4}} -->\n<!-- wp:post-title {\"isLink\":true,\"style\":{\"elements\":{\"link\":{\"color\":{\"text\":\"var:preset|color|dark\"}}},\"typography\":{\"fontStyle\":\"normal\",\"fontWeight\":\"400\",\"textTransform\":\"capitalize\"},\"spacing\":{\"padding\":{\"top\":\"0\",\"bottom\":\"0\",\"left\":\"0\",\"right\":\"0\"}}},\"fontSize\":\"small\"} \/-->\n\n<!-- wp:post-featured-image {\"isLink\":true,\"aspectRatio\":\"1\",\"scale\":\"contain\"} \/-->\n<!-- \/wp:post-template --><\/div>\n<!-- \/wp:query -->\n\n<!-- wp:spacer {\"height\":\"50px\"} -->\n<div style=\"height:50px\" aria-hidden=\"true\" class=\"wp-block-spacer\"><\/div>\n<!-- \/wp:spacer -->\n\n<!-- wp:paragraph -->\n<p><\/p>\n<!-- \/wp:paragraph -->","_es_post_name":"topes-de-carroceria","_es_post_excerpt":"","_es_post_title":"Topes de carrocer\u00eda","_en_post_content":"<!-- wp:cover {\"url\":\"http:\/\/grupo201oficial.com.mx\/wp-content\/uploads\/2023\/03\/camion2-1024x576.jpg\",\"id\":738,\"dimRatio\":50,\"align\":\"full\",\"style\":{\"color\":{}}} -->\n<div class=\"wp-block-cover alignfull\"><span aria-hidden=\"true\" class=\"wp-block-cover__background has-background-dim\"><\/span><img class=\"wp-block-cover__image-background wp-image-738\" alt=\"\" src=\"http:\/\/grupo201oficial.com.mx\/wp-content\/uploads\/2023\/03\/camion2-1024x576.jpg\" data-object-fit=\"cover\"\/><div class=\"wp-block-cover__inner-container\"><!-- wp:image {\"align\":\"center\",\"id\":3350,\"width\":\"408px\",\"height\":\"auto\",\"sizeSlug\":\"full\",\"linkDestination\":\"none\"} -->\n<figure class=\"wp-block-image aligncenter size-full is-resized\"><img src=\"https:\/\/grupo201oficial.com.mx\/wp-content\/uploads\/2023\/12\/x-trucks.png\" alt=\"\" class=\"wp-image-3350\" style=\"width:408px;height:auto\"\/><\/figure>\n<!-- \/wp:image --><\/div><\/div>\n<!-- \/wp:cover -->\n\n<!-- wp:spacer -->\n<div style=\"height:100px\" aria-hidden=\"true\" class=\"wp-block-spacer\"><\/div>\n<!-- \/wp:spacer -->\n\n<!-- wp:heading -->\n<h2 class=\"wp-block-heading\">X-TRUCKS BUILT FOR SAFETY<\/h2>\n<!-- \/wp:heading -->\n\n<!-- wp:spacer {\"height\":\"50px\"} -->\n<div style=\"height:50px\" aria-hidden=\"true\" class=\"wp-block-spacer\"><\/div>\n<!-- \/wp:spacer -->\n\n<!-- wp:columns -->\n<div class=\"wp-block-columns\"><!-- wp:column {\"width\":\"60%\"} -->\n<div class=\"wp-block-column\" style=\"flex-basis:60%\"><!-- wp:paragraph -->\n<p>X-TRUCKS&nbsp;is a company part&nbsp;of&nbsp;Grupo 201 Oficial, specialized in high resistance and quality bumpers, focused in durability and with the best mechanical properties.<\/p>\n<!-- \/wp:paragraph -->\n\n<!-- wp:paragraph -->\n<p>Grupo 201 Oficial&nbsp;was born in 1945 in Mexico City, specializing in the manufacture of rubber products, specially fronton balls and later on in other balls for other racket and hand sports, being the official ball of fronton in Olympic, Panamerican and Centralamerican Games, as well as National and World Championships.<\/p>\n<!-- \/wp:paragraph -->\n\n<!-- wp:paragraph -->\n<p>This was only possible thanks to the constant research and development in the rubber manufacturing, which allows us to set physical charasteristics, resistance, bounce and many other essential factors in order to be the official ball in these kind of events, for the proper performance of the sports.<\/p>\n<!-- \/wp:paragraph -->\n\n<!-- wp:paragraph -->\n<p>All of the above has allowed that the group acquires the right experience in the formulation of rubber products focused in high resistance jobs and complying with high standards in their physical and mechanical properties, favouring us in the design&nbsp;and manufacture of high impact products for cargo vehicles under the&nbsp;X-TRUCKS.<\/p>\n<!-- \/wp:paragraph --><\/div>\n<!-- \/wp:column -->\n\n<!-- wp:column {\"width\":\"40%\"} -->\n<div class=\"wp-block-column\" style=\"flex-basis:40%\"><!-- wp:image {\"id\":409,\"sizeSlug\":\"full\",\"linkDestination\":\"none\"} -->\n<figure class=\"wp-block-image size-full\"><img src=\"http:\/\/grupo201oficial.com.mx\/wp-content\/uploads\/2023\/03\/xtrucks-bg.jpg\" alt=\"\" class=\"wp-image-409\"\/><\/figure>\n<!-- \/wp:image --><\/div>\n<!-- \/wp:column --><\/div>\n<!-- \/wp:columns -->\n\n<!-- wp:cover {\"url\":\"http:\/\/grupo201oficial.com.mx\/wp-content\/uploads\/2023\/03\/X-TRUCKS-gomas.png\",\"id\":413,\"hasParallax\":true,\"dimRatio\":0,\"align\":\"full\",\"layout\":{\"type\":\"constrained\"}} -->\n<div class=\"wp-block-cover alignfull has-parallax\"><span aria-hidden=\"true\" class=\"wp-block-cover__background has-background-dim-0 has-background-dim\"><\/span><div role=\"img\" class=\"wp-block-cover__image-background wp-image-413 has-parallax\" style=\"background-position:50% 50%;background-image:url(http:\/\/grupo201oficial.com.mx\/wp-content\/uploads\/2023\/03\/X-TRUCKS-gomas.png)\"><\/div><div class=\"wp-block-cover__inner-container\"><!-- wp:heading {\"textAlign\":\"center\",\"fontSize\":\"large\"} -->\n<h2 class=\"wp-block-heading has-text-align-center has-large-font-size\">Catalogue<\/h2>\n<!-- \/wp:heading --><\/div><\/div>\n<!-- \/wp:cover -->\n\n<!-- wp:spacer -->\n<div style=\"height:100px\" aria-hidden=\"true\" class=\"wp-block-spacer\"><\/div>\n<!-- \/wp:spacer -->\n\n<!-- wp:query {\"queryId\":6,\"query\":{\"perPage\":\"20\",\"pages\":0,\"offset\":\"0\",\"postType\":\"post\",\"order\":\"desc\",\"orderBy\":\"date\",\"author\":\"\",\"search\":\"\",\"exclude\":[],\"sticky\":\"\",\"inherit\":false,\"taxQuery\":{\"category\":[79]}}} -->\n<div class=\"wp-block-query\"><!-- wp:post-template {\"layout\":{\"type\":\"grid\",\"columnCount\":4}} -->\n<!-- wp:post-title {\"isLink\":true,\"style\":{\"elements\":{\"link\":{\"color\":{\"text\":\"var:preset|color|dark\"}}},\"typography\":{\"fontStyle\":\"normal\",\"fontWeight\":\"400\",\"textTransform\":\"capitalize\"},\"spacing\":{\"padding\":{\"top\":\"0\",\"bottom\":\"0\",\"left\":\"0\",\"right\":\"0\"}}},\"fontSize\":\"small\"} \/-->\n\n<!-- wp:post-featured-image {\"isLink\":true,\"aspectRatio\":\"1\",\"scale\":\"contain\"} \/-->\n<!-- \/wp:post-template --><\/div>\n<!-- \/wp:query -->\n\n<!-- wp:spacer {\"height\":\"50px\"} -->\n<div style=\"height:50px\" aria-hidden=\"true\" class=\"wp-block-spacer\"><\/div>\n<!-- \/wp:spacer -->\n\n<!-- wp:paragraph -->\n<p><\/p>\n<!-- \/wp:paragraph -->","_en_post_name":"topes-de-carroceria","_en_post_excerpt":"","_en_post_title":"RUBBER BUMPERS","edit_language":"en","footnotes":""},"class_list":["post-4082","page","type-page","status-publish","hentry","col-md-4"],"jetpack_sharing_enabled":true,"_links":{"self":[{"href":"https:\/\/www.grupo201oficial.com.mx\/en\/wp-json\/wp\/v2\/pages\/4082","targetHints":{"allow":["GET"]}}],"collection":[{"href":"https:\/\/www.grupo201oficial.com.mx\/en\/wp-json\/wp\/v2\/pages"}],"about":[{"href":"https:\/\/www.grupo201oficial.com.mx\/en\/wp-json\/wp\/v2\/types\/page"}],"author":[{"embeddable":true,"href":"https:\/\/www.grupo201oficial.com.mx\/en\/wp-json\/wp\/v2\/users\/2"}],"replies":[{"embeddable":true,"href":"https:\/\/www.grupo201oficial.com.mx\/en\/wp-json\/wp\/v2\/comments?post=4082"}],"version-history":[{"count":36,"href":"https:\/\/www.grupo201oficial.com.mx\/en\/wp-json\/wp\/v2\/pages\/4082\/revisions"}],"predecessor-version":[{"id":4119,"href":"https:\/\/www.grupo201oficial.com.mx\/en\/wp-json\/wp\/v2\/pages\/4082\/revisions\/4119"}],"wp:attachment":[{"href":"https:\/\/www.grupo201oficial.com.mx\/en\/wp-json\/wp\/v2\/media?parent=4082"}],"curies":[{"name":"wp","href":"https:\/\/api.w.org\/{rel}","templated":true}]}}