{"id":3252,"date":"2023-12-19T14:38:54","date_gmt":"2023-12-19T20:38:54","guid":{"rendered":"https:\/\/grupo201oficial.com.mx\/?page_id=3252"},"modified":"2024-02-12T00:41:30","modified_gmt":"2024-02-12T06:41:30","slug":"","status":"publish","type":"page","link":"https:\/\/www.grupo201oficial.com.mx\/en\/nosotros\/","title":{"rendered":"About Us","raw":"About Us"},"content":{"rendered":"","protected":false,"raw":""},"excerpt":{"rendered":"","protected":false,"raw":""},"author":3,"featured_media":0,"parent":0,"menu_order":0,"comment_status":"closed","ping_status":"closed","template":"singular-no-header.php","meta":{"_es_post_content":"<!-- wp:cover {\"url\":\"http:\/\/grupo201oficial.com.mx\/wp-content\/uploads\/2023\/12\/Presentation-Lifestyle_tennis_prestige_action_236103-9.jpg\",\"id\":2835,\"dimRatio\":50,\"focalPoint\":{\"x\":0.54,\"y\":0.5},\"contentPosition\":\"center center\",\"align\":\"full\",\"style\":{\"color\":{\"duotone\":[\"#000000\",\"#f8f9fa\"]},\"elements\":{\"link\":{\"color\":{\"text\":\"var:preset|color|primary\"}}}},\"textColor\":\"primary\",\"layout\":{\"type\":\"constrained\"}} -->\n<div class=\"wp-block-cover alignfull has-primary-color has-text-color has-link-color\"><span aria-hidden=\"true\" class=\"wp-block-cover__background has-background-dim\"><\/span><img class=\"wp-block-cover__image-background wp-image-2835\" alt=\"\" src=\"http:\/\/grupo201oficial.com.mx\/wp-content\/uploads\/2023\/12\/Presentation-Lifestyle_tennis_prestige_action_236103-9.jpg\" style=\"object-position:54% 50%\" data-object-fit=\"cover\" data-object-position=\"54% 50%\"\/><div class=\"wp-block-cover__inner-container\"><!-- wp:heading {\"textAlign\":\"center\",\"fontSize\":\"display-1\"} -->\n<h2 class=\"wp-block-heading has-text-align-center has-display-1-font-size\">Grupo 201<\/h2>\n<!-- \/wp:heading --><\/div><\/div>\n<!-- \/wp:cover -->\n\n<!-- wp:spacer -->\n<div style=\"height:100px\" aria-hidden=\"true\" class=\"wp-block-spacer\"><\/div>\n<!-- \/wp:spacer -->\n\n<!-- wp:media-text {\"mediaId\":3281,\"mediaLink\":\"https:\/\/grupo201oficial.com.mx\/mascota\/\",\"mediaType\":\"image\",\"imageFill\":false,\"style\":{\"spacing\":{\"padding\":{\"top\":\"0\",\"bottom\":\"0\",\"left\":\"0\",\"right\":\"0\"}}},\"backgroundColor\":\"primary\"} -->\n<div class=\"wp-block-media-text is-stacked-on-mobile has-primary-background-color has-background\" style=\"padding-top:0;padding-right:0;padding-bottom:0;padding-left:0\"><figure class=\"wp-block-media-text__media\"><img src=\"http:\/\/grupo201oficial.com.mx\/wp-content\/uploads\/2023\/12\/mascota-984x1024.jpg\" alt=\"\" class=\"wp-image-3281 size-full\"\/><\/figure><div class=\"wp-block-media-text__content\"><!-- wp:spacer -->\n<div style=\"height:100px\" aria-hidden=\"true\" class=\"wp-block-spacer\"><\/div>\n<!-- \/wp:spacer -->\n\n<!-- wp:heading -->\n<h2 class=\"wp-block-heading\"><strong>MISI\u00d3N<\/strong><\/h2>\n<!-- \/wp:heading -->\n\n<!-- wp:paragraph {\"placeholder\":\"Contenido\u2026\",\"fontSize\":\"large\"} -->\n<p class=\"has-large-font-size\">Hacer el juego posible para personas y mascotas.<\/p>\n<!-- \/wp:paragraph -->\n\n<!-- wp:spacer -->\n<div style=\"height:100px\" aria-hidden=\"true\" class=\"wp-block-spacer\"><\/div>\n<!-- \/wp:spacer --><\/div><\/div>\n<!-- \/wp:media-text -->\n\n<!-- wp:media-text {\"mediaPosition\":\"right\",\"mediaId\":3173,\"mediaLink\":\"https:\/\/grupo201oficial.com.mx\/grupo-201-2024\/201_deportes\/\",\"mediaType\":\"image\",\"imageFill\":true,\"style\":{\"elements\":{\"link\":{\"color\":{\"text\":\"var:preset|color|primary\"}}}},\"backgroundColor\":\"dark\",\"textColor\":\"primary\"} -->\n<div class=\"wp-block-media-text has-media-on-the-right is-stacked-on-mobile is-image-fill has-primary-color has-dark-background-color has-text-color has-background has-link-color\"><div class=\"wp-block-media-text__content\"><!-- wp:spacer -->\n<div style=\"height:100px\" aria-hidden=\"true\" class=\"wp-block-spacer\"><\/div>\n<!-- \/wp:spacer -->\n\n<!-- wp:heading -->\n<h2 class=\"wp-block-heading\"><strong>VISI\u00d3N<\/strong><\/h2>\n<!-- \/wp:heading -->\n\n<!-- wp:paragraph {\"fontSize\":\"medium\"} -->\n<p class=\"has-medium-font-size\">Ser los mejores en la industria de hule natural y log\u00edstica de distribuci\u00f3n, satisfaciendo necesidades espec\u00edficas, innovando con soluciones sostenibles y ayudando a nuestros clientes a lograr sus objetivos.<\/p>\n<!-- \/wp:paragraph -->\n\n<!-- wp:spacer -->\n<div style=\"height:100px\" aria-hidden=\"true\" class=\"wp-block-spacer\"><\/div>\n<!-- \/wp:spacer --><\/div><figure class=\"wp-block-media-text__media\" style=\"background-image:url(http:\/\/grupo201oficial.com.mx\/wp-content\/uploads\/2023\/12\/201_deportes-1024x576.jpg);background-position:50% 50%\"><img src=\"http:\/\/grupo201oficial.com.mx\/wp-content\/uploads\/2023\/12\/201_deportes-1024x576.jpg\" alt=\"\" class=\"wp-image-3173 size-full\"\/><\/figure><\/div>\n<!-- \/wp:media-text -->\n\n<!-- wp:spacer -->\n<div style=\"height:100px\" aria-hidden=\"true\" class=\"wp-block-spacer\"><\/div>\n<!-- \/wp:spacer -->\n\n<!-- wp:heading {\"textAlign\":\"center\",\"level\":3,\"style\":{\"elements\":{\"link\":{\"color\":{\"text\":\"var:preset|color|dark\"}}}},\"textColor\":\"dark\",\"fontSize\":\"display-1\"} -->\n<h3 class=\"wp-block-heading has-text-align-center has-dark-color has-text-color has-link-color has-display-1-font-size\" id=\"valores\"><strong>VALORES<\/strong> 201<\/h3>\n<!-- \/wp:heading -->\n\n<!-- wp:spacer -->\n<div style=\"height:100px\" aria-hidden=\"true\" class=\"wp-block-spacer\"><\/div>\n<!-- \/wp:spacer -->\n\n<!-- wp:columns -->\n<div class=\"wp-block-columns\"><!-- wp:column -->\n<div class=\"wp-block-column\"><!-- wp:image {\"id\":2912,\"width\":\"120px\",\"sizeSlug\":\"full\",\"linkDestination\":\"none\"} -->\n<figure class=\"wp-block-image size-full is-resized\"><img src=\"http:\/\/grupo201oficial.com.mx\/wp-content\/uploads\/2023\/12\/hule@2x.png\" alt=\"\" class=\"wp-image-2912\" style=\"width:120px\"\/><\/figure>\n<!-- \/wp:image -->\n\n<!-- wp:heading {\"fontSize\":\"heading-5\"} -->\n<h2 class=\"wp-block-heading has-heading-5-font-size\"><strong>Calidad<\/strong><\/h2>\n<!-- \/wp:heading -->\n\n<!-- wp:paragraph -->\n<p>Compromiso con la excelencia en la fabricaci\u00f3n de productos que cumplan con los m\u00e1s altos est\u00e1ndares de calidad. Esto significa asegurarse de que el hule utilizado sea duradero, resistente y seguro para su uso en productos de deportes y de mascotas.<\/p>\n<!-- \/wp:paragraph --><\/div>\n<!-- \/wp:column -->\n\n<!-- wp:column -->\n<div class=\"wp-block-column\"><!-- wp:image {\"id\":2911,\"width\":\"120px\",\"sizeSlug\":\"full\",\"linkDestination\":\"none\"} -->\n<figure class=\"wp-block-image size-full is-resized\"><img src=\"http:\/\/grupo201oficial.com.mx\/wp-content\/uploads\/2023\/12\/fundacion@2x.png\" alt=\"\" class=\"wp-image-2911\" style=\"width:120px\"\/><\/figure>\n<!-- \/wp:image -->\n\n<!-- wp:heading {\"level\":1,\"fontSize\":\"heading-5\"} -->\n<h1 class=\"wp-block-heading has-heading-5-font-size\"><strong>Innovaci\u00f3n<\/strong><\/h1>\n<!-- \/wp:heading -->\n\n<!-- wp:paragraph -->\n<p>Fomentar la creatividad y la b\u00fasqueda constante de mejoras en los productos y procesos de fabricaci\u00f3n. Esto implica estar al tanto de las \u00faltimas tendencias y necesidades del mercado, y buscar constantemente nuevas formas de satisfacerlas.<\/p>\n<!-- \/wp:paragraph --><\/div>\n<!-- \/wp:column -->\n\n<!-- wp:column -->\n<div class=\"wp-block-column\"><!-- wp:image {\"id\":2914,\"width\":\"120px\",\"sizeSlug\":\"full\",\"linkDestination\":\"none\"} -->\n<figure class=\"wp-block-image size-full is-resized\"><img src=\"http:\/\/grupo201oficial.com.mx\/wp-content\/uploads\/2023\/12\/logistica@2x.png\" alt=\"\" class=\"wp-image-2914\" style=\"width:120px\"\/><\/figure>\n<!-- \/wp:image -->\n\n<!-- wp:heading {\"level\":1,\"fontSize\":\"heading-5\"} -->\n<h1 class=\"wp-block-heading has-heading-5-font-size\"><strong>Servicio al cliente<\/strong><\/h1>\n<!-- \/wp:heading -->\n\n<!-- wp:paragraph -->\n<p>La empresa se esfuerza por brindar un excelente servicio al cliente. <\/p>\n<!-- \/wp:paragraph -->\n\n<!-- wp:paragraph -->\n<p>Analizando las necesidades de nuestros clientes para cubrirlas con soluciones personalizadas, respondiendo de manera r\u00e1pida.<\/p>\n<!-- \/wp:paragraph --><\/div>\n<!-- \/wp:column -->\n\n<!-- wp:column -->\n<div class=\"wp-block-column\"><!-- wp:image {\"id\":2915,\"width\":\"120px\",\"sizeSlug\":\"full\",\"linkDestination\":\"none\"} -->\n<figure class=\"wp-block-image size-full is-resized\"><img src=\"http:\/\/grupo201oficial.com.mx\/wp-content\/uploads\/2023\/12\/mascotas_1@2x.png\" alt=\"\" class=\"wp-image-2915\" style=\"width:120px\"\/><\/figure>\n<!-- \/wp:image -->\n\n<!-- wp:heading {\"level\":1,\"fontSize\":\"heading-5\"} -->\n<h1 class=\"wp-block-heading has-heading-5-font-size\"><strong>HONRAMOS LA DIVERSIDAD<\/strong><\/h1>\n<!-- \/wp:heading -->\n\n<!-- wp:paragraph -->\n<p>El \u00e9xito no se logra solo. Nos apoyamos como equipo creando sinergias que perduren. Construimos relaciones y resultados que trasciendan.<\/p>\n<!-- \/wp:paragraph --><\/div>\n<!-- \/wp:column --><\/div>\n<!-- \/wp:columns -->\n\n<!-- wp:columns -->\n<div class=\"wp-block-columns\"><!-- wp:column -->\n<div class=\"wp-block-column\"><!-- wp:image {\"id\":2917,\"width\":\"120px\",\"sizeSlug\":\"full\",\"linkDestination\":\"none\"} -->\n<figure class=\"wp-block-image size-full is-resized\"><img src=\"http:\/\/grupo201oficial.com.mx\/wp-content\/uploads\/2023\/12\/natural@2x.png\" alt=\"\" class=\"wp-image-2917\" style=\"width:120px\"\/><\/figure>\n<!-- \/wp:image -->\n\n<!-- wp:heading {\"level\":1,\"fontSize\":\"heading-5\"} -->\n<h1 class=\"wp-block-heading has-heading-5-font-size\"><strong>Sostenibilidad<\/strong><\/h1>\n<!-- \/wp:heading -->\n\n<!-- wp:paragraph -->\n<p>La naturaleza de nuestros materiales y nuestro proceso habla de nuestro compromiso con nuestros clientes y el medio ambiente.<\/p>\n<!-- \/wp:paragraph -->\n\n<!-- wp:paragraph -->\n<p>Siempre en b\u00fasqueda de mejores m\u00e9todos de fabricaci\u00f3n que nos ayuden a cuidar m\u00e1s del planeta y nuestra relaci\u00f3n con \u00e9l.<\/p>\n<!-- \/wp:paragraph --><\/div>\n<!-- \/wp:column -->\n\n<!-- wp:column -->\n<div class=\"wp-block-column\"><!-- wp:image {\"id\":2905,\"width\":\"120px\",\"sizeSlug\":\"full\",\"linkDestination\":\"none\"} -->\n<figure class=\"wp-block-image size-full is-resized\"><img src=\"http:\/\/grupo201oficial.com.mx\/wp-content\/uploads\/2023\/12\/company@2x.png\" alt=\"\" class=\"wp-image-2905\" style=\"width:120px\"\/><\/figure>\n<!-- \/wp:image -->\n\n<!-- wp:heading {\"level\":1,\"fontSize\":\"heading-5\"} -->\n<h1 class=\"wp-block-heading has-heading-5-font-size\"><strong>Responsabilidad social<\/strong><\/h1>\n<!-- \/wp:heading -->\n\n<!-- wp:paragraph -->\n<p>Estamos comprometidos  con el bienestar y la seguridad de nuestros usuarios, socios comerciales y trabajadores, as\u00ed como con nuestra comunidad.<\/p>\n<!-- \/wp:paragraph --><\/div>\n<!-- \/wp:column -->\n\n<!-- wp:column -->\n<div class=\"wp-block-column\"><!-- wp:image {\"id\":2909,\"width\":\"120px\",\"sizeSlug\":\"full\",\"linkDestination\":\"none\"} -->\n<figure class=\"wp-block-image size-full is-resized\"><img src=\"http:\/\/grupo201oficial.com.mx\/wp-content\/uploads\/2023\/12\/excelencia@2x.png\" alt=\"\" class=\"wp-image-2909\" style=\"width:120px\"\/><\/figure>\n<!-- \/wp:image -->\n\n<!-- wp:heading {\"level\":1,\"fontSize\":\"heading-5\"} -->\n<h1 class=\"wp-block-heading has-heading-5-font-size\"><strong>Integridad<\/strong><\/h1>\n<!-- \/wp:heading -->\n\n<!-- wp:paragraph -->\n<p>\u00c9tica y transparencia en todas las acciones y decisiones de la empresa. Esto implica cumplir con todas las leyes y regulaciones relacionadas con la fabricaci\u00f3n y comercializaci\u00f3n de nuestros productos.<\/p>\n<!-- \/wp:paragraph --><\/div>\n<!-- \/wp:column -->\n\n<!-- wp:column -->\n<div class=\"wp-block-column\"><!-- wp:image {\"id\":2918,\"width\":\"120px\",\"sizeSlug\":\"full\",\"linkDestination\":\"none\"} -->\n<figure class=\"wp-block-image size-full is-resized\"><img src=\"http:\/\/grupo201oficial.com.mx\/wp-content\/uploads\/2023\/12\/participacion@2x.png\" alt=\"\" class=\"wp-image-2918\" style=\"width:120px\"\/><\/figure>\n<!-- \/wp:image -->\n\n<!-- wp:heading {\"level\":1,\"fontSize\":\"heading-5\"} -->\n<h1 class=\"wp-block-heading has-heading-5-font-size\"><strong>Abrazamos la aventura<\/strong><\/h1>\n<!-- \/wp:heading -->\n\n<!-- wp:paragraph -->\n<p>Cuando nos enfrentamos a la adversidad, desarrollamos formas creativas para lograr nuestros objetivos, mientras disfrutamos del proceso.<\/p>\n<!-- \/wp:paragraph --><\/div>\n<!-- \/wp:column --><\/div>\n<!-- \/wp:columns -->\n\n<!-- wp:spacer -->\n<div style=\"height:100px\" aria-hidden=\"true\" class=\"wp-block-spacer\"><\/div>\n<!-- \/wp:spacer -->","_es_post_name":"nosotros","_es_post_excerpt":"","_es_post_title":"Nosotros","_en_post_content":"","_en_post_name":"","_en_post_excerpt":"","_en_post_title":"About Us","edit_language":"en","footnotes":""},"class_list":["post-3252","page","type-page","status-publish","hentry","col-md-4"],"jetpack_sharing_enabled":true,"_links":{"self":[{"href":"https:\/\/www.grupo201oficial.com.mx\/en\/wp-json\/wp\/v2\/pages\/3252","targetHints":{"allow":["GET"]}}],"collection":[{"href":"https:\/\/www.grupo201oficial.com.mx\/en\/wp-json\/wp\/v2\/pages"}],"about":[{"href":"https:\/\/www.grupo201oficial.com.mx\/en\/wp-json\/wp\/v2\/types\/page"}],"author":[{"embeddable":true,"href":"https:\/\/www.grupo201oficial.com.mx\/en\/wp-json\/wp\/v2\/users\/3"}],"replies":[{"embeddable":true,"href":"https:\/\/www.grupo201oficial.com.mx\/en\/wp-json\/wp\/v2\/comments?post=3252"}],"version-history":[{"count":88,"href":"https:\/\/www.grupo201oficial.com.mx\/en\/wp-json\/wp\/v2\/pages\/3252\/revisions"}],"predecessor-version":[{"id":4007,"href":"https:\/\/www.grupo201oficial.com.mx\/en\/wp-json\/wp\/v2\/pages\/3252\/revisions\/4007"}],"wp:attachment":[{"href":"https:\/\/www.grupo201oficial.com.mx\/en\/wp-json\/wp\/v2\/media?parent=3252"}],"curies":[{"name":"wp","href":"https:\/\/api.w.org\/{rel}","templated":true}]}}