{"id":2635,"date":"2023-12-05T23:35:52","date_gmt":"2023-12-06T05:35:52","guid":{"rendered":"https:\/\/grupo201oficial.com.mx\/?page_id=2635"},"modified":"2024-01-11T00:53:12","modified_gmt":"2024-01-11T06:53:12","slug":"","status":"publish","type":"page","link":"https:\/\/www.grupo201oficial.com.mx\/en\/propets\/","title":{"rendered":"","raw":""},"content":{"rendered":"\n<div class=\"wp-block-cover alignfull has-custom-content-position is-position-bottom-left\" style=\"padding-right:var(--wp--preset--spacing--80);padding-left:var(--wp--preset--spacing--80)\"><span aria-hidden=\"true\" class=\"wp-block-cover__background has-background-dim-0 has-background-dim\"><\/span><img loading=\"lazy\" decoding=\"async\" width=\"1600\" height=\"1066\" class=\"wp-block-cover__image-background wp-image-1399\" alt=\"\" src=\"http:\/\/grupo201oficial.com.mx\/wp-content\/uploads\/2023\/11\/abca17f6-140e-4d2c-bfcb-f1666a7cbac1eng.jpg\" data-object-fit=\"cover\" srcset=\"https:\/\/www.grupo201oficial.com.mx\/wp-content\/uploads\/2023\/11\/abca17f6-140e-4d2c-bfcb-f1666a7cbac1eng.jpg 1600w, https:\/\/www.grupo201oficial.com.mx\/wp-content\/uploads\/2023\/11\/abca17f6-140e-4d2c-bfcb-f1666a7cbac1eng-300x200.jpg 300w, https:\/\/www.grupo201oficial.com.mx\/wp-content\/uploads\/2023\/11\/abca17f6-140e-4d2c-bfcb-f1666a7cbac1eng-1024x682.jpg 1024w, https:\/\/www.grupo201oficial.com.mx\/wp-content\/uploads\/2023\/11\/abca17f6-140e-4d2c-bfcb-f1666a7cbac1eng-768x512.jpg 768w, https:\/\/www.grupo201oficial.com.mx\/wp-content\/uploads\/2023\/11\/abca17f6-140e-4d2c-bfcb-f1666a7cbac1eng-1536x1023.jpg 1536w\" sizes=\"auto, (max-width: 1600px) 100vw, 1600px\" \/><div class=\"wp-block-cover__inner-container is-layout-constrained wp-container-core-cover-is-layout-8de92ddb wp-block-cover-is-layout-constrained\">\n<h2 class=\"wp-block-heading has-text-align-left has-text-color has-link-color has-huge-font-size wp-elements-7060ee54e08268afd44468bdffdbd81b\" style=\"color:#fefefe\">Propets<\/h2>\n<\/div><\/div>\n\n\n\n<div style=\"height:100px\" aria-hidden=\"true\" class=\"wp-block-spacer\"><\/div>\n\n\n\n<div class=\"wp-block-columns is-layout-flex wp-container-core-columns-is-layout-9d6595d7 wp-block-columns-is-layout-flex\">\n<div class=\"wp-block-column has-secondary-color has-text-color has-link-color wp-elements-487ccb1c884feb8fb8772c8d8b56f723 is-layout-flow wp-block-column-is-layout-flow\" style=\"flex-basis:20%\">\n<div class=\"wp-block-group\" style=\"border-radius:5px;padding-top:var(--wp--preset--spacing--40);padding-right:var(--wp--preset--spacing--40);padding-bottom:var(--wp--preset--spacing--40);padding-left:var(--wp--preset--spacing--40)\"><div class=\"wp-block-group__inner-container is-layout-constrained wp-container-core-group-is-layout-af10a197 wp-block-group-is-layout-constrained\"><form role=\"search\" method=\"get\" action=\"https:\/\/www.grupo201oficial.com.mx\/en\/\" class=\"wp-block-search__button-inside wp-block-search__icon-button wp-block-search\"    ><label class=\"wp-block-search__label screen-reader-text\" for=\"wp-block-search__input-2\" >Buscar<\/label><div class=\"wp-block-search__inside-wrapper\"  style=\"width: 100%;border-radius: calc(4px + 4px)\"><input class=\"wp-block-search__input\" id=\"wp-block-search__input-2\" placeholder=\"Search\" value=\"\" type=\"search\" name=\"s\" required  style=\"border-radius: 4px\"\/><button aria-label=\"Buscar\" class=\"wp-block-search__button has-text-color has-light-color has-background has-dark-background-color has-icon wp-element-button\" type=\"submit\"  style=\"border-radius: 4px\"><svg class=\"search-icon\" viewBox=\"0 0 24 24\" width=\"24\" height=\"24\">\n\t\t\t\t\t<path d=\"M13 5c-3.3 0-6 2.7-6 6 0 1.4.5 2.7 1.3 3.7l-3.8 3.8 1.1 1.1 3.8-3.8c1 .8 2.3 1.3 3.7 1.3 3.3 0 6-2.7 6-6S16.3 5 13 5zm0 10.5c-2.5 0-4.5-2-4.5-4.5s2-4.5 4.5-4.5 4.5 2 4.5 4.5-2 4.5-4.5 4.5z\"><\/path>\n\t\t\t\t<\/svg><\/button><\/div><\/form>\n\n\n<div style=\"height:10px\" aria-hidden=\"true\" class=\"wp-block-spacer\"><\/div>\n\n\n\n<div class=\"wp-block-group d-none d-md-block\" style=\"padding-top:var(--wp--preset--spacing--40);padding-bottom:var(--wp--preset--spacing--40)\"><div class=\"wp-block-group__inner-container is-layout-constrained wp-block-group-is-layout-constrained\">\n<p class=\"has-dark-color has-text-color has-link-color has-medium-font-size wp-elements-1af1cc7e7cbe01b105f8e5649b0f9873\" style=\"text-transform:uppercase\"><strong>Brands<\/strong><\/p>\n\n\n\n<div class=\"wp-block-group\" style=\"border-top-color:var(--wp--preset--color--dark);border-top-width:1px;border-bottom-color:var(--wp--preset--color--dark);border-bottom-width:1px;padding-top:var(--wp--preset--spacing--40);padding-bottom:var(--wp--preset--spacing--40)\"><div class=\"wp-block-group__inner-container is-layout-constrained wp-block-group-is-layout-constrained\"><nav style=\"font-style:normal;font-weight:700;\" class=\"has-text-color has-dark-color  is-vertical no-wrap wp-block-navigation is-content-justification-stretch is-nowrap is-layout-flex wp-container-core-navigation-is-layout-b73f6508 wp-block-navigation-is-layout-flex\" aria-label=\"productos 3\"><ul style=\"font-style:normal;font-weight:700;\" class=\"wp-block-navigation__container has-text-color has-dark-color  is-vertical no-wrap wp-block-navigation\"><li class=\" wp-block-navigation-item wp-block-navigation-link\"><a class=\"wp-block-navigation-item__content\"  href=\"https:\/\/grupo201oficial.com.mx\/201-oficial-2\/\"><span class=\"wp-block-navigation-item__label\">201 Oficial<\/span><\/a><\/li><li class=\" wp-block-navigation-item wp-block-navigation-link\"><a class=\"wp-block-navigation-item__content\"  href=\"https:\/\/grupo201oficial.com.mx\/4bf\/\"><span class=\"wp-block-navigation-item__label\">4BF<\/span><\/a><\/li><li class=\" wp-block-navigation-item wp-block-navigation-link\"><a class=\"wp-block-navigation-item__content\"  href=\"https:\/\/grupo201oficial.com.mx\/head\/\"><span class=\"wp-block-navigation-item__label\">HEAD<\/span><\/a><\/li><li class=\" wp-block-navigation-item wp-block-navigation-link\"><a class=\"wp-block-navigation-item__content\"  href=\"https:\/\/grupo201oficial.com.mx\/masterpro\/\"><span class=\"wp-block-navigation-item__label\">Masterpro<\/span><\/a><\/li><li class=\" wp-block-navigation-item wp-block-navigation-link\"><a class=\"wp-block-navigation-item__content\"  href=\"https:\/\/grupo201oficial.com.mx\/propets\/\"><span class=\"wp-block-navigation-item__label\">Propets<\/span><\/a><\/li><li class=\" wp-block-navigation-item wp-block-navigation-link\"><a class=\"wp-block-navigation-item__content\"  href=\"https:\/\/grupo201oficial.com.mx\/x-trucks\/\"><span class=\"wp-block-navigation-item__label\">X-Trucks<\/span><\/a><\/li><li class=\" wp-block-navigation-item wp-block-navigation-link\"><a class=\"wp-block-navigation-item__content\"  href=\"https:\/\/grupo201oficial.com.mx\/productos\/\"><span class=\"wp-block-navigation-item__label\">Todos los productos<\/span><\/a><\/li><\/ul><\/nav><\/div><\/div>\n<\/div><\/div>\n\n\n\n<div class=\"wp-block-group d-md-none has-background\" style=\"border-radius:4px;background-color:#d8d8d8;padding-top:var(--wp--preset--spacing--20);padding-right:var(--wp--preset--spacing--20);padding-bottom:var(--wp--preset--spacing--20);padding-left:var(--wp--preset--spacing--20)\"><div class=\"wp-block-group__inner-container is-layout-constrained wp-container-core-group-is-layout-689b0661 wp-block-group-is-layout-constrained\">\n<details class=\"wp-block-details has-dark-color has-text-color has-link-color has-medium-font-size wp-elements-469847d4f9f215244a40ca21ed072ece is-layout-flow wp-block-details-is-layout-flow\" style=\"padding-top:0;padding-right:0;padding-bottom:0;padding-left:0;font-style:normal;font-weight:700\"><summary>BRANDS<\/summary>\n<div style=\"height:10px\" aria-hidden=\"true\" class=\"wp-block-spacer\"><\/div>\n\n\n\n<div class=\"wp-block-group\" style=\"border-top-color:var(--wp--preset--color--dark);border-top-style:solid;border-top-width:2px;border-bottom-style:none;border-bottom-width:0px;padding-top:var(--wp--preset--spacing--30);padding-right:var(--wp--preset--spacing--40);padding-bottom:var(--wp--preset--spacing--30);padding-left:var(--wp--preset--spacing--40)\"><div class=\"wp-block-group__inner-container is-layout-constrained wp-container-core-group-is-layout-fd729f6a wp-block-group-is-layout-constrained\"><nav class=\"is-vertical no-wrap wp-block-navigation is-content-justification-stretch is-nowrap is-layout-flex wp-container-core-navigation-is-layout-b73f6508 wp-block-navigation-is-layout-flex\" aria-label=\"productos 4\"><ul class=\"wp-block-navigation__container  is-vertical no-wrap wp-block-navigation\"><li class=\" wp-block-navigation-item wp-block-navigation-link\"><a class=\"wp-block-navigation-item__content\"  href=\"https:\/\/grupo201oficial.com.mx\/201-oficial-2\/\"><span class=\"wp-block-navigation-item__label\">201 Oficial<\/span><\/a><\/li><li class=\" wp-block-navigation-item wp-block-navigation-link\"><a class=\"wp-block-navigation-item__content\"  href=\"https:\/\/grupo201oficial.com.mx\/4bf\/\"><span class=\"wp-block-navigation-item__label\">4BF<\/span><\/a><\/li><li class=\" wp-block-navigation-item wp-block-navigation-link\"><a class=\"wp-block-navigation-item__content\"  href=\"https:\/\/grupo201oficial.com.mx\/head\/\"><span class=\"wp-block-navigation-item__label\">HEAD<\/span><\/a><\/li><li class=\" wp-block-navigation-item wp-block-navigation-link\"><a class=\"wp-block-navigation-item__content\"  href=\"https:\/\/grupo201oficial.com.mx\/masterpro\/\"><span class=\"wp-block-navigation-item__label\">Masterpro<\/span><\/a><\/li><li class=\" wp-block-navigation-item wp-block-navigation-link\"><a class=\"wp-block-navigation-item__content\"  href=\"https:\/\/grupo201oficial.com.mx\/propets\/\"><span class=\"wp-block-navigation-item__label\">Propets<\/span><\/a><\/li><li class=\" wp-block-navigation-item wp-block-navigation-link\"><a class=\"wp-block-navigation-item__content\"  href=\"https:\/\/grupo201oficial.com.mx\/x-trucks\/\"><span class=\"wp-block-navigation-item__label\">X-Trucks<\/span><\/a><\/li><li class=\" wp-block-navigation-item wp-block-navigation-link\"><a class=\"wp-block-navigation-item__content\"  href=\"https:\/\/grupo201oficial.com.mx\/productos\/\"><span class=\"wp-block-navigation-item__label\">Todos los productos<\/span><\/a><\/li><\/ul><\/nav><\/div><\/div>\n<\/details>\n<\/div><\/div>\n\n\n\n<div style=\"height:10px\" aria-hidden=\"true\" class=\"wp-block-spacer\"><\/div>\n<\/div><\/div>\n<\/div>\n\n\n\n<div class=\"wp-block-column has-dark-color has-text-color has-link-color wp-elements-77bff245d3e90a2fc95ef379e987cdaa is-layout-flow wp-block-column-is-layout-flow\" style=\"flex-basis:80%\">\n<div class=\"wp-block-query is-layout-flow wp-block-query-is-layout-flow\">\n\n\n\n<div class=\"wp-block-query-no-results\">\n\n<p><\/p>\n\n<\/div><\/div>\n<\/div>\n<\/div>\n","protected":false,"raw":"<!-- wp:cover {\"url\":\"http:\/\/grupo201oficial.com.mx\/wp-content\/uploads\/2023\/11\/abca17f6-140e-4d2c-bfcb-f1666a7cbac1eng.jpg\",\"id\":1399,\"dimRatio\":0,\"contentPosition\":\"bottom left\",\"align\":\"full\",\"style\":{\"spacing\":{\"padding\":{\"right\":\"var:preset|spacing|80\",\"left\":\"var:preset|spacing|80\"}}},\"layout\":{\"type\":\"constrained\"}} -->\n<div class=\"wp-block-cover alignfull has-custom-content-position is-position-bottom-left\" style=\"padding-right:var(--wp--preset--spacing--80);padding-left:var(--wp--preset--spacing--80)\"><span aria-hidden=\"true\" class=\"wp-block-cover__background has-background-dim-0 has-background-dim\"><\/span><img class=\"wp-block-cover__image-background wp-image-1399\" alt=\"\" src=\"http:\/\/grupo201oficial.com.mx\/wp-content\/uploads\/2023\/11\/abca17f6-140e-4d2c-bfcb-f1666a7cbac1eng.jpg\" data-object-fit=\"cover\"\/><div class=\"wp-block-cover__inner-container\"><!-- wp:heading {\"textAlign\":\"left\",\"style\":{\"elements\":{\"link\":{\"color\":{\"text\":\"#fefefe\"}}},\"color\":{\"text\":\"#fefefe\"}},\"fontSize\":\"huge\"} -->\n<h2 class=\"wp-block-heading has-text-align-left has-text-color has-link-color has-huge-font-size\" style=\"color:#fefefe\">Propets<\/h2>\n<!-- \/wp:heading --><\/div><\/div>\n<!-- \/wp:cover -->\n\n<!-- wp:spacer -->\n<div style=\"height:100px\" aria-hidden=\"true\" class=\"wp-block-spacer\"><\/div>\n<!-- \/wp:spacer -->\n\n<!-- wp:columns -->\n<div class=\"wp-block-columns\"><!-- wp:column {\"width\":\"20%\",\"style\":{\"elements\":{\"link\":{\"color\":{\"text\":\"var:preset|color|secondary\"}}}},\"textColor\":\"secondary\"} -->\n<div class=\"wp-block-column has-secondary-color has-text-color has-link-color\" style=\"flex-basis:20%\"><!-- wp:block {\"ref\":3920} \/--><\/div>\n<!-- \/wp:column -->\n\n<!-- wp:column {\"width\":\"80%\",\"style\":{\"elements\":{\"link\":{\"color\":{\"text\":\"var:preset|color|dark\"}}}},\"textColor\":\"dark\"} -->\n<div class=\"wp-block-column has-dark-color has-text-color has-link-color\" style=\"flex-basis:80%\"><!-- wp:query {\"queryId\":6,\"query\":{\"perPage\":\"20\",\"pages\":0,\"offset\":\"0\",\"postType\":\"post\",\"order\":\"desc\",\"orderBy\":\"date\",\"author\":\"\",\"search\":\"\",\"exclude\":[],\"sticky\":\"\",\"inherit\":false,\"taxQuery\":{\"category\":[77]}}} -->\n<div class=\"wp-block-query\"><!-- wp:post-template {\"layout\":{\"type\":\"grid\",\"columnCount\":4}} -->\n<!-- wp:post-featured-image {\"isLink\":true,\"aspectRatio\":\"1\",\"scale\":\"contain\"} \/-->\n\n<!-- wp:post-title {\"isLink\":true,\"style\":{\"typography\":{\"fontStyle\":\"normal\",\"fontWeight\":\"500\"}},\"fontSize\":\"regular\"} \/-->\n<!-- \/wp:post-template -->\n\n<!-- wp:query-pagination -->\n<!-- wp:query-pagination-previous \/-->\n\n<!-- wp:query-pagination-numbers \/-->\n\n<!-- wp:query-pagination-next \/-->\n<!-- \/wp:query-pagination -->\n\n<!-- wp:query-no-results -->\n<!-- wp:paragraph {\"placeholder\":\"A\u00f1ade texto o bloques que se mostrar\u00e1n cuando la consulta no devuelva ning\u00fan resultado.\"} -->\n<p><\/p>\n<!-- \/wp:paragraph -->\n<!-- \/wp:query-no-results --><\/div>\n<!-- \/wp:query --><\/div>\n<!-- \/wp:column --><\/div>\n<!-- \/wp:columns -->"},"excerpt":{"rendered":"","protected":false,"raw":""},"author":3,"featured_media":0,"parent":0,"menu_order":0,"comment_status":"closed","ping_status":"closed","template":"singular-no-header.php","meta":{"_es_post_content":"<!-- wp:cover {\"url\":\"http:\/\/grupo201oficial.com.mx\/wp-content\/uploads\/2023\/11\/abca17f6-140e-4d2c-bfcb-f1666a7cbac1eng.jpg\",\"id\":1399,\"dimRatio\":0,\"contentPosition\":\"bottom left\",\"align\":\"full\",\"style\":{\"spacing\":{\"padding\":{\"right\":\"var:preset|spacing|80\",\"left\":\"var:preset|spacing|80\"}}},\"layout\":{\"type\":\"constrained\"}} -->\n<div class=\"wp-block-cover alignfull has-custom-content-position is-position-bottom-left\" style=\"padding-right:var(--wp--preset--spacing--80);padding-left:var(--wp--preset--spacing--80)\"><span aria-hidden=\"true\" class=\"wp-block-cover__background has-background-dim-0 has-background-dim\"><\/span><img class=\"wp-block-cover__image-background wp-image-1399\" alt=\"\" src=\"http:\/\/grupo201oficial.com.mx\/wp-content\/uploads\/2023\/11\/abca17f6-140e-4d2c-bfcb-f1666a7cbac1eng.jpg\" data-object-fit=\"cover\"\/><div class=\"wp-block-cover__inner-container\"><!-- wp:heading {\"textAlign\":\"left\",\"style\":{\"elements\":{\"link\":{\"color\":{\"text\":\"#fefefe\"}}},\"color\":{\"text\":\"#fefefe\"}},\"fontSize\":\"huge\"} -->\n<h2 class=\"wp-block-heading has-text-align-left has-text-color has-link-color has-huge-font-size\" style=\"color:#fefefe\">Propets<\/h2>\n<!-- \/wp:heading --><\/div><\/div>\n<!-- \/wp:cover -->\n\n<!-- wp:spacer -->\n<div style=\"height:100px\" aria-hidden=\"true\" class=\"wp-block-spacer\"><\/div>\n<!-- \/wp:spacer -->\n\n<!-- wp:columns -->\n<div class=\"wp-block-columns\"><!-- wp:column {\"width\":\"20%\",\"style\":{\"elements\":{\"link\":{\"color\":{\"text\":\"var:preset|color|secondary\"}}}},\"textColor\":\"secondary\"} -->\n<div class=\"wp-block-column has-secondary-color has-text-color has-link-color\" style=\"flex-basis:20%\"><!-- wp:block {\"ref\":2620} \/--><\/div>\n<!-- \/wp:column -->\n\n<!-- wp:column {\"width\":\"80%\",\"style\":{\"elements\":{\"link\":{\"color\":{\"text\":\"var:preset|color|dark\"}}}},\"textColor\":\"dark\"} -->\n<div class=\"wp-block-column has-dark-color has-text-color has-link-color\" style=\"flex-basis:80%\"><!-- wp:query {\"queryId\":6,\"query\":{\"perPage\":\"20\",\"pages\":0,\"offset\":\"0\",\"postType\":\"post\",\"order\":\"desc\",\"orderBy\":\"date\",\"author\":\"\",\"search\":\"\",\"exclude\":[],\"sticky\":\"\",\"inherit\":false,\"taxQuery\":{\"category\":[77]}}} -->\n<div class=\"wp-block-query\"><!-- wp:post-template {\"layout\":{\"type\":\"grid\",\"columnCount\":4}} -->\n<!-- wp:post-featured-image {\"isLink\":true,\"aspectRatio\":\"1\",\"scale\":\"contain\"} \/-->\n\n<!-- wp:post-title {\"isLink\":true,\"style\":{\"typography\":{\"fontStyle\":\"normal\",\"fontWeight\":\"500\"}},\"fontSize\":\"regular\"} \/-->\n<!-- \/wp:post-template -->\n\n<!-- wp:query-pagination -->\n<!-- wp:query-pagination-previous \/-->\n\n<!-- wp:query-pagination-numbers \/-->\n\n<!-- wp:query-pagination-next \/-->\n<!-- \/wp:query-pagination -->\n\n<!-- wp:query-no-results -->\n<!-- wp:paragraph {\"placeholder\":\"A\u00f1ade texto o bloques que se mostrar\u00e1n cuando la consulta no devuelva ning\u00fan resultado.\"} -->\n<p><\/p>\n<!-- \/wp:paragraph -->\n<!-- \/wp:query-no-results --><\/div>\n<!-- \/wp:query --><\/div>\n<!-- \/wp:column --><\/div>\n<!-- \/wp:columns -->","_es_post_name":"propets","_es_post_excerpt":"","_es_post_title":"Propets","_en_post_content":"<!-- wp:cover {\"url\":\"http:\/\/grupo201oficial.com.mx\/wp-content\/uploads\/2023\/11\/abca17f6-140e-4d2c-bfcb-f1666a7cbac1eng.jpg\",\"id\":1399,\"dimRatio\":0,\"contentPosition\":\"bottom left\",\"align\":\"full\",\"style\":{\"spacing\":{\"padding\":{\"right\":\"var:preset|spacing|80\",\"left\":\"var:preset|spacing|80\"}}},\"layout\":{\"type\":\"constrained\"}} -->\n<div class=\"wp-block-cover alignfull has-custom-content-position is-position-bottom-left\" style=\"padding-right:var(--wp--preset--spacing--80);padding-left:var(--wp--preset--spacing--80)\"><span aria-hidden=\"true\" class=\"wp-block-cover__background has-background-dim-0 has-background-dim\"><\/span><img class=\"wp-block-cover__image-background wp-image-1399\" alt=\"\" src=\"http:\/\/grupo201oficial.com.mx\/wp-content\/uploads\/2023\/11\/abca17f6-140e-4d2c-bfcb-f1666a7cbac1eng.jpg\" data-object-fit=\"cover\"\/><div class=\"wp-block-cover__inner-container\"><!-- wp:heading {\"textAlign\":\"left\",\"style\":{\"elements\":{\"link\":{\"color\":{\"text\":\"#fefefe\"}}},\"color\":{\"text\":\"#fefefe\"}},\"fontSize\":\"huge\"} -->\n<h2 class=\"wp-block-heading has-text-align-left has-text-color has-link-color has-huge-font-size\" style=\"color:#fefefe\">Propets<\/h2>\n<!-- \/wp:heading --><\/div><\/div>\n<!-- \/wp:cover -->\n\n<!-- wp:spacer -->\n<div style=\"height:100px\" aria-hidden=\"true\" class=\"wp-block-spacer\"><\/div>\n<!-- \/wp:spacer -->\n\n<!-- wp:columns -->\n<div class=\"wp-block-columns\"><!-- wp:column {\"width\":\"20%\",\"style\":{\"elements\":{\"link\":{\"color\":{\"text\":\"var:preset|color|secondary\"}}}},\"textColor\":\"secondary\"} -->\n<div class=\"wp-block-column has-secondary-color has-text-color has-link-color\" style=\"flex-basis:20%\"><!-- wp:block {\"ref\":3920} \/--><\/div>\n<!-- \/wp:column -->\n\n<!-- wp:column {\"width\":\"80%\",\"style\":{\"elements\":{\"link\":{\"color\":{\"text\":\"var:preset|color|dark\"}}}},\"textColor\":\"dark\"} -->\n<div class=\"wp-block-column has-dark-color has-text-color has-link-color\" style=\"flex-basis:80%\"><!-- wp:query {\"queryId\":6,\"query\":{\"perPage\":\"20\",\"pages\":0,\"offset\":\"0\",\"postType\":\"post\",\"order\":\"desc\",\"orderBy\":\"date\",\"author\":\"\",\"search\":\"\",\"exclude\":[],\"sticky\":\"\",\"inherit\":false,\"taxQuery\":{\"category\":[77]}}} -->\n<div class=\"wp-block-query\"><!-- wp:post-template {\"layout\":{\"type\":\"grid\",\"columnCount\":4}} -->\n<!-- wp:post-featured-image {\"isLink\":true,\"aspectRatio\":\"1\",\"scale\":\"contain\"} \/-->\n\n<!-- wp:post-title {\"isLink\":true,\"style\":{\"typography\":{\"fontStyle\":\"normal\",\"fontWeight\":\"500\"}},\"fontSize\":\"regular\"} \/-->\n<!-- \/wp:post-template -->\n\n<!-- wp:query-pagination -->\n<!-- wp:query-pagination-previous \/-->\n\n<!-- wp:query-pagination-numbers \/-->\n\n<!-- wp:query-pagination-next \/-->\n<!-- \/wp:query-pagination -->\n\n<!-- wp:query-no-results -->\n<!-- wp:paragraph {\"placeholder\":\"A\u00f1ade texto o bloques que se mostrar\u00e1n cuando la consulta no devuelva ning\u00fan resultado.\"} -->\n<p><\/p>\n<!-- \/wp:paragraph -->\n<!-- \/wp:query-no-results --><\/div>\n<!-- \/wp:query --><\/div>\n<!-- \/wp:column --><\/div>\n<!-- \/wp:columns -->","_en_post_name":"","_en_post_excerpt":"","_en_post_title":"","edit_language":"en","footnotes":""},"class_list":["post-2635","page","type-page","status-publish","hentry","col-md-4"],"jetpack_sharing_enabled":true,"_links":{"self":[{"href":"https:\/\/www.grupo201oficial.com.mx\/en\/wp-json\/wp\/v2\/pages\/2635","targetHints":{"allow":["GET"]}}],"collection":[{"href":"https:\/\/www.grupo201oficial.com.mx\/en\/wp-json\/wp\/v2\/pages"}],"about":[{"href":"https:\/\/www.grupo201oficial.com.mx\/en\/wp-json\/wp\/v2\/types\/page"}],"author":[{"embeddable":true,"href":"https:\/\/www.grupo201oficial.com.mx\/en\/wp-json\/wp\/v2\/users\/3"}],"replies":[{"embeddable":true,"href":"https:\/\/www.grupo201oficial.com.mx\/en\/wp-json\/wp\/v2\/comments?post=2635"}],"version-history":[{"count":4,"href":"https:\/\/www.grupo201oficial.com.mx\/en\/wp-json\/wp\/v2\/pages\/2635\/revisions"}],"predecessor-version":[{"id":3928,"href":"https:\/\/www.grupo201oficial.com.mx\/en\/wp-json\/wp\/v2\/pages\/2635\/revisions\/3928"}],"wp:attachment":[{"href":"https:\/\/www.grupo201oficial.com.mx\/en\/wp-json\/wp\/v2\/media?parent=2635"}],"curies":[{"name":"wp","href":"https:\/\/api.w.org\/{rel}","templated":true}]}}